{"id":861,"date":"2014-01-19T17:04:40","date_gmt":"2014-01-19T16:04:40","guid":{"rendered":"http:\/.cerclerural.org\/?page_id=861"},"modified":"2014-05-23T12:13:39","modified_gmt":"2014-05-23T10:13:39","slug":"festival-2014","status":"publish","type":"page","link":"http:\/\/cerclerural.org\/?page_id=861","title":{"rendered":"Festival 2014"},"content":{"rendered":"<p>Cliquez sur un des liens ci-dessous pour vous inscrire en ligne :<\/p>\n<ul>\n<li><a title=\"Inscription \u00e0 un stage pour le Festival 2014\" href=\"http:\/.cerclerural.org\/?p=1579\">Inscription \u00e0 un stage<\/a><\/li>\n<li><a title=\"Inscription \u00e0 un stage pour le Festival 2014\" href=\"http:\/.cerclerural.org\/?p=1579\">Inscription comme b\u00e9n\u00e9vole<\/a><\/li>\n<li><a title=\"Inscription d\u2019exposants pour le festival 2014\" href=\"http:\/.cerclerural.org\/?p=1568\">Inscription d&rsquo;un exposant<\/a><\/li>\n<\/ul>\n<p><a href=\"http:\/.cerclerural.org\/wp-content\/uploads\/2014\/01\/Affiche.jpg\"><img loading=\"lazy\" decoding=\"async\" class=\"aligncenter size-full wp-image-1564\" src=\"http:\/.cerclerural.org\/wp-content\/uploads\/2014\/01\/Affiche.jpg\" alt=\"Affiche\" width=\"874\" height=\"1240\" \/><br \/>\n<\/a><a href=\"http:\/.cerclerural.org\/wp-content\/uploads\/2014\/01\/Programme.jpg\"><img loading=\"lazy\" decoding=\"async\" class=\"aligncenter size-full wp-image-1566\" src=\"http:\/.cerclerural.org\/wp-content\/uploads\/2014\/01\/Programme.jpg\" alt=\"Programme\" width=\"874\" height=\"1240\" \/><\/a><\/p>\n<p>&nbsp;<\/p>\n","protected":false},"excerpt":{"rendered":"<p>Cliquez sur un des liens ci-dessous pour vous inscrire en ligne : Inscription \u00e0 un stage Inscription comme b\u00e9n\u00e9vole Inscription d&rsquo;un exposant &nbsp;<\/p>\n","protected":false},"author":1,"featured_media":0,"parent":0,"menu_order":0,"comment_status":"closed","ping_status":"open","template":"","meta":{"footnotes":""},"class_list":["post-861","page","type-page","status-publish","hentry"],"_links":{"self":[{"href":"http:\/\/cerclerural.org\/index.php?rest_route=\/wp\/v2\/pages\/861","targetHints":{"allow":["GET"]}}],"collection":[{"href":"http:\/\/cerclerural.org\/index.php?rest_route=\/wp\/v2\/pages"}],"about":[{"href":"http:\/\/cerclerural.org\/index.php?rest_route=\/wp\/v2\/types\/page"}],"author":[{"embeddable":true,"href":"http:\/\/cerclerural.org\/index.php?rest_route=\/wp\/v2\/users\/1"}],"replies":[{"embeddable":true,"href":"http:\/\/cerclerural.org\/index.php?rest_route=%2Fwp%2Fv2%2Fcomments&post=861"}],"version-history":[{"count":8,"href":"http:\/\/cerclerural.org\/index.php?rest_route=\/wp\/v2\/pages\/861\/revisions"}],"predecessor-version":[{"id":1565,"href":"http:\/\/cerclerural.org\/index.php?rest_route=\/wp\/v2\/pages\/861\/revisions\/1565"}],"wp:attachment":[{"href":"http:\/\/cerclerural.org\/index.php?rest_route=%2Fwp%2Fv2%2Fmedia&parent=861"}],"curies":[{"name":"wp","href":"https:\/\/api.w.org\/{rel}","templated":true}]}}