{"id":3982,"date":"2016-04-01T12:46:00","date_gmt":"2016-04-01T10:46:00","guid":{"rendered":"http:\/\/cerclerural.org\/?page_id=3982"},"modified":"2016-04-08T14:06:23","modified_gmt":"2016-04-08T12:06:23","slug":"combat-des-reines-2016","status":"publish","type":"page","link":"https:\/\/cerclerural.org\/?page_id=3982","title":{"rendered":"Combat des Reines 2016"},"content":{"rendered":"<p><a href=\"http:\/\/cerclerural.org\/?page_id=3986\">Inscription des b\u00e9n\u00e9voles<\/a><\/p>\n<p><a href=\"http:\/\/cerclerural.org\/?attachment_id=3974\" rel=\"attachment wp-att-3974\"><img loading=\"lazy\" decoding=\"async\" class=\"aligncenter size-full wp-image-3974\" src=\"http:\/\/cerclerural.org\/wp-content\/uploads\/2016\/04\/Cercle-Rural-Info-2016-page14-AFFICHES-REINES_mini.jpg\" alt=\"Cercle Rural Info 2016 page14 AFFICHES REINES_mini\" width=\"563\" height=\"800\" \/><\/a><\/p>\n<p>Ils nous soutiennent :<br \/>\n<a href=\"http:\/\/cerclerural.org\/?attachment_id=4002\" rel=\"attachment wp-att-4002\"><img loading=\"lazy\" decoding=\"async\" class=\"size-full wp-image-4002 alignnone\" src=\"http:\/\/cerclerural.org\/wp-content\/uploads\/2016\/04\/mairie-villy-logo_mini-1.png\" alt=\"mairie villy logo_mini\" width=\"150\" height=\"145\" \/><\/a><a href=\"http:\/\/cerclerural.org\/?attachment_id=3994\" rel=\"attachment wp-att-3994\"><img loading=\"lazy\" decoding=\"async\" class=\"size-full wp-image-3994 alignnone\" src=\"http:\/\/cerclerural.org\/wp-content\/uploads\/2016\/04\/Conseil-g\u00e9n\u00e9ral-de-haute-savoie_mini.png\" alt=\"Conseil g\u00e9n\u00e9ral de haute savoie_mini\" width=\"150\" height=\"93\" \/><\/a><a href=\"http:\/\/cerclerural.org\/?attachment_id=3995\" rel=\"attachment wp-att-3995\"><img loading=\"lazy\" decoding=\"async\" class=\"size-large wp-image-3995 alignnone\" src=\"http:\/\/cerclerural.org\/wp-content\/uploads\/2016\/04\/Fruiti\u00e8re-Mont-Sal\u00e8ve_mini.png\" alt=\"Fruiti\u00e8re Mont Sal\u00e8ve_mini\" width=\"150\" height=\"62\" \/><\/a><a href=\"http:\/\/cerclerural.org\/?attachment_id=3996\" rel=\"attachment wp-att-3996\"><img loading=\"lazy\" decoding=\"async\" class=\"size-large wp-image-3996 alignnone\" src=\"http:\/\/cerclerural.org\/wp-content\/uploads\/2016\/04\/GROUPAMA_mini.png\" alt=\"GROUPAMA_mini\" width=\"150\" height=\"72\" \/><\/a> <a href=\"http:\/\/cerclerural.org\/?attachment_id=3997\" rel=\"attachment wp-att-3997\"><img loading=\"lazy\" decoding=\"async\" class=\"size-large wp-image-3997 alignnone\" src=\"http:\/\/cerclerural.org\/wp-content\/uploads\/2016\/04\/msa_mini.png\" alt=\"msa_mini\" width=\"150\" height=\"75\" \/><\/a><\/p>\n<p><a href=\"http:\/\/cerclerural.org\/?page_id=3986\">Inscription des b\u00e9n\u00e9voles<\/a><\/p>\n","protected":false},"excerpt":{"rendered":"<p>Inscription des b\u00e9n\u00e9voles Ils nous soutiennent : Inscription des b\u00e9n\u00e9voles<\/p>\n","protected":false},"author":1,"featured_media":0,"parent":0,"menu_order":0,"comment_status":"closed","ping_status":"closed","template":"","meta":{"footnotes":""},"class_list":["post-3982","page","type-page","status-publish","hentry"],"_links":{"self":[{"href":"https:\/\/cerclerural.org\/index.php?rest_route=\/wp\/v2\/pages\/3982","targetHints":{"allow":["GET"]}}],"collection":[{"href":"https:\/\/cerclerural.org\/index.php?rest_route=\/wp\/v2\/pages"}],"about":[{"href":"https:\/\/cerclerural.org\/index.php?rest_route=\/wp\/v2\/types\/page"}],"author":[{"embeddable":true,"href":"https:\/\/cerclerural.org\/index.php?rest_route=\/wp\/v2\/users\/1"}],"replies":[{"embeddable":true,"href":"https:\/\/cerclerural.org\/index.php?rest_route=%2Fwp%2Fv2%2Fcomments&post=3982"}],"version-history":[{"count":6,"href":"https:\/\/cerclerural.org\/index.php?rest_route=\/wp\/v2\/pages\/3982\/revisions"}],"predecessor-version":[{"id":4003,"href":"https:\/\/cerclerural.org\/index.php?rest_route=\/wp\/v2\/pages\/3982\/revisions\/4003"}],"wp:attachment":[{"href":"https:\/\/cerclerural.org\/index.php?rest_route=%2Fwp%2Fv2%2Fmedia&parent=3982"}],"curies":[{"name":"wp","href":"https:\/\/api.w.org\/{rel}","templated":true}]}}