{"id":7,"date":"2012-05-11T11:32:22","date_gmt":"2012-05-11T11:32:22","guid":{"rendered":"http:\/\/festival.daniel-stp.fr\/?page_id=6"},"modified":"2013-01-02T10:04:56","modified_gmt":"2013-01-02T09:04:56","slug":"le-cercle-rural-de-villy-le-bouveret","status":"publish","type":"page","link":"https:\/\/cerclerural.org\/?page_id=7","title":{"rendered":"Le cercle rural de Villy-le-Bouveret"},"content":{"rendered":"<div>\n<p>Le cercle rural organise diff\u00e9rentes activit\u00e9s au sein de la commune de Villy-le-Bouveret. Son but est d&rsquo;animer le village avec diff\u00e9rentes activit\u00e9s culturelles.<\/p>\n<p>A Villy le Bouveret, petit village de 550 habitants, sur le plateau des Bornes, s\u00e9vit depuis 1933 l&rsquo;Association Le Cercle rural. 340 adh\u00e9rents. Le but premier de l&rsquo;association du village c&rsquo;est d&rsquo;entrenir la coh\u00e9sion entre les habitants en animant le village de plusieurs manifestations qui rythme nos ann\u00e9es. On s&rsquo;amuse ensemble, nous avons du plaisir \u00e0 tous nous retrouver!<\/p>\n<p>Le comit\u00e9<\/p>\n<\/div>\n","protected":false},"excerpt":{"rendered":"<p>Le cercle rural organise diff\u00e9rentes activit\u00e9s au sein de la commune de Villy-le-Bouveret. Son but est d&rsquo;animer le village avec diff\u00e9rentes activit\u00e9s culturelles. A Villy le Bouveret, petit village de 550 habitants, sur le plateau des Bornes, s\u00e9vit depuis 1933 &hellip; <a href=\"https:\/\/cerclerural.org\/?page_id=7\">Continuer la lecture <span class=\"meta-nav\">&rarr;<\/span><\/a><\/p>\n","protected":false},"author":1,"featured_media":0,"parent":0,"menu_order":0,"comment_status":"closed","ping_status":"open","template":"","meta":{"footnotes":""},"class_list":["post-7","page","type-page","status-publish","hentry"],"_links":{"self":[{"href":"https:\/\/cerclerural.org\/index.php?rest_route=\/wp\/v2\/pages\/7","targetHints":{"allow":["GET"]}}],"collection":[{"href":"https:\/\/cerclerural.org\/index.php?rest_route=\/wp\/v2\/pages"}],"about":[{"href":"https:\/\/cerclerural.org\/index.php?rest_route=\/wp\/v2\/types\/page"}],"author":[{"embeddable":true,"href":"https:\/\/cerclerural.org\/index.php?rest_route=\/wp\/v2\/users\/1"}],"replies":[{"embeddable":true,"href":"https:\/\/cerclerural.org\/index.php?rest_route=%2Fwp%2Fv2%2Fcomments&post=7"}],"version-history":[{"count":4,"href":"https:\/\/cerclerural.org\/index.php?rest_route=\/wp\/v2\/pages\/7\/revisions"}],"predecessor-version":[{"id":457,"href":"https:\/\/cerclerural.org\/index.php?rest_route=\/wp\/v2\/pages\/7\/revisions\/457"}],"wp:attachment":[{"href":"https:\/\/cerclerural.org\/index.php?rest_route=%2Fwp%2Fv2%2Fmedia&parent=7"}],"curies":[{"name":"wp","href":"https:\/\/api.w.org\/{rel}","templated":true}]}}